{"id":5977,"date":"2024-08-07T15:13:50","date_gmt":"2024-08-07T13:13:50","guid":{"rendered":"https:\/\/www.bernadettemauro.fr\/sculptrice\/?page_id=5977"},"modified":"2024-08-07T16:21:51","modified_gmt":"2024-08-07T14:21:51","slug":"dessin-et-modelage","status":"publish","type":"page","link":"https:\/\/www.bernadettemauro.fr\/sculptrice\/dessin-et-modelage\/","title":{"rendered":"Dessin et modelage"},"content":{"rendered":"\n<figure class=\"wp-block-gallery has-nested-images columns-default is-cropped wp-block-gallery-1 is-layout-flex wp-block-gallery-is-layout-flex\">\n<figure class=\"wp-block-image size-full\"><img loading=\"lazy\" decoding=\"async\" width=\"1920\" height=\"1080\" data-id=\"5982\" src=\"https:\/\/www.bernadettemauro.fr\/sculptrice\/wp-content\/uploads\/2024\/08\/Dessin-\u00a9-Bernadette-Mauro.jpg\" alt=\"Dessin \u00a9 Bernadette Mauro\" class=\"wp-image-5982\" srcset=\"https:\/\/www.bernadettemauro.fr\/sculptrice\/wp-content\/uploads\/2024\/08\/Dessin-\u00a9-Bernadette-Mauro.jpg 1920w, https:\/\/www.bernadettemauro.fr\/sculptrice\/wp-content\/uploads\/2024\/08\/Dessin-\u00a9-Bernadette-Mauro-300x169.jpg 300w, https:\/\/www.bernadettemauro.fr\/sculptrice\/wp-content\/uploads\/2024\/08\/Dessin-\u00a9-Bernadette-Mauro-1024x576.jpg 1024w, https:\/\/www.bernadettemauro.fr\/sculptrice\/wp-content\/uploads\/2024\/08\/Dessin-\u00a9-Bernadette-Mauro-768x432.jpg 768w, https:\/\/www.bernadettemauro.fr\/sculptrice\/wp-content\/uploads\/2024\/08\/Dessin-\u00a9-Bernadette-Mauro-1536x864.jpg 1536w\" sizes=\"auto, (max-width: 1920px) 100vw, 1920px\" \/><\/figure>\n<\/figure>\n\n\n\n<p>Le croquis de mod\u00e8le vivant m\u2019est indispensable afin de garder une vision fid\u00e8le de l\u2019anatomie, tant f\u00e9minine que masculine. Les poses courtes, 2 ou 3 minutes, permettent en travaillant dans l\u2019urgence, d\u2019acqu\u00e9rir une vision de l\u2019essentiel et de progresser.<\/p>\n\n\n\n<figure class=\"wp-block-gallery has-nested-images columns-default wp-block-gallery-2 is-layout-flex wp-block-gallery-is-layout-flex\">\n<figure class=\"wp-block-image size-full\"><a href=\"https:\/\/www.bernadettemauro.fr\/sculptrice\/wp-content\/uploads\/2024\/08\/Dessin-1-\u00a9-Bernadette-Mauro.jpg\" target=\"_blank\" rel=\"noopener\"><img loading=\"lazy\" decoding=\"async\" width=\"1920\" height=\"1920\" data-id=\"5983\" src=\"https:\/\/www.bernadettemauro.fr\/sculptrice\/wp-content\/uploads\/2024\/08\/Dessin-1-\u00a9-Bernadette-Mauro.jpg\" alt=\"Dessin 1 \u00a9 Bernadette Mauro\" class=\"wp-image-5983\" srcset=\"https:\/\/www.bernadettemauro.fr\/sculptrice\/wp-content\/uploads\/2024\/08\/Dessin-1-\u00a9-Bernadette-Mauro.jpg 1920w, https:\/\/www.bernadettemauro.fr\/sculptrice\/wp-content\/uploads\/2024\/08\/Dessin-1-\u00a9-Bernadette-Mauro-300x300.jpg 300w, https:\/\/www.bernadettemauro.fr\/sculptrice\/wp-content\/uploads\/2024\/08\/Dessin-1-\u00a9-Bernadette-Mauro-1024x1024.jpg 1024w, https:\/\/www.bernadettemauro.fr\/sculptrice\/wp-content\/uploads\/2024\/08\/Dessin-1-\u00a9-Bernadette-Mauro-150x150.jpg 150w, https:\/\/www.bernadettemauro.fr\/sculptrice\/wp-content\/uploads\/2024\/08\/Dessin-1-\u00a9-Bernadette-Mauro-768x768.jpg 768w, https:\/\/www.bernadettemauro.fr\/sculptrice\/wp-content\/uploads\/2024\/08\/Dessin-1-\u00a9-Bernadette-Mauro-1536x1536.jpg 1536w, https:\/\/www.bernadettemauro.fr\/sculptrice\/wp-content\/uploads\/2024\/08\/Dessin-1-\u00a9-Bernadette-Mauro-640x640.jpg 640w, https:\/\/www.bernadettemauro.fr\/sculptrice\/wp-content\/uploads\/2024\/08\/Dessin-1-\u00a9-Bernadette-Mauro-50x50.jpg 50w\" sizes=\"auto, (max-width: 1920px) 100vw, 1920px\" \/><\/a><\/figure>\n\n\n\n<figure class=\"wp-block-image size-full\"><a href=\"https:\/\/www.bernadettemauro.fr\/sculptrice\/wp-content\/uploads\/2024\/08\/Dessin-2-\u00a9-Bernadette-Mauro.jpg\" target=\"_blank\" rel=\"noopener\"><img loading=\"lazy\" decoding=\"async\" width=\"1920\" height=\"1920\" data-id=\"5984\" src=\"https:\/\/www.bernadettemauro.fr\/sculptrice\/wp-content\/uploads\/2024\/08\/Dessin-2-\u00a9-Bernadette-Mauro.jpg\" alt=\"Dessin 2 \u00a9 Bernadette Mauro\" class=\"wp-image-5984\" srcset=\"https:\/\/www.bernadettemauro.fr\/sculptrice\/wp-content\/uploads\/2024\/08\/Dessin-2-\u00a9-Bernadette-Mauro.jpg 1920w, https:\/\/www.bernadettemauro.fr\/sculptrice\/wp-content\/uploads\/2024\/08\/Dessin-2-\u00a9-Bernadette-Mauro-300x300.jpg 300w, https:\/\/www.bernadettemauro.fr\/sculptrice\/wp-content\/uploads\/2024\/08\/Dessin-2-\u00a9-Bernadette-Mauro-1024x1024.jpg 1024w, https:\/\/www.bernadettemauro.fr\/sculptrice\/wp-content\/uploads\/2024\/08\/Dessin-2-\u00a9-Bernadette-Mauro-150x150.jpg 150w, https:\/\/www.bernadettemauro.fr\/sculptrice\/wp-content\/uploads\/2024\/08\/Dessin-2-\u00a9-Bernadette-Mauro-768x768.jpg 768w, https:\/\/www.bernadettemauro.fr\/sculptrice\/wp-content\/uploads\/2024\/08\/Dessin-2-\u00a9-Bernadette-Mauro-1536x1536.jpg 1536w, https:\/\/www.bernadettemauro.fr\/sculptrice\/wp-content\/uploads\/2024\/08\/Dessin-2-\u00a9-Bernadette-Mauro-640x640.jpg 640w, https:\/\/www.bernadettemauro.fr\/sculptrice\/wp-content\/uploads\/2024\/08\/Dessin-2-\u00a9-Bernadette-Mauro-50x50.jpg 50w\" sizes=\"auto, (max-width: 1920px) 100vw, 1920px\" \/><\/a><\/figure>\n\n\n\n<figure class=\"wp-block-image size-full\"><a href=\"https:\/\/www.bernadettemauro.fr\/sculptrice\/wp-content\/uploads\/2024\/08\/Dessin-3-\u00a9-Bernadette-Mauro.jpg\" target=\"_blank\" rel=\"noopener\"><img loading=\"lazy\" decoding=\"async\" width=\"1920\" height=\"1920\" data-id=\"5985\" src=\"https:\/\/www.bernadettemauro.fr\/sculptrice\/wp-content\/uploads\/2024\/08\/Dessin-3-\u00a9-Bernadette-Mauro.jpg\" alt=\"Dessin 3 \u00a9 Bernadette Mauro\" class=\"wp-image-5985\" srcset=\"https:\/\/www.bernadettemauro.fr\/sculptrice\/wp-content\/uploads\/2024\/08\/Dessin-3-\u00a9-Bernadette-Mauro.jpg 1920w, https:\/\/www.bernadettemauro.fr\/sculptrice\/wp-content\/uploads\/2024\/08\/Dessin-3-\u00a9-Bernadette-Mauro-300x300.jpg 300w, https:\/\/www.bernadettemauro.fr\/sculptrice\/wp-content\/uploads\/2024\/08\/Dessin-3-\u00a9-Bernadette-Mauro-1024x1024.jpg 1024w, https:\/\/www.bernadettemauro.fr\/sculptrice\/wp-content\/uploads\/2024\/08\/Dessin-3-\u00a9-Bernadette-Mauro-150x150.jpg 150w, https:\/\/www.bernadettemauro.fr\/sculptrice\/wp-content\/uploads\/2024\/08\/Dessin-3-\u00a9-Bernadette-Mauro-768x768.jpg 768w, https:\/\/www.bernadettemauro.fr\/sculptrice\/wp-content\/uploads\/2024\/08\/Dessin-3-\u00a9-Bernadette-Mauro-1536x1536.jpg 1536w, https:\/\/www.bernadettemauro.fr\/sculptrice\/wp-content\/uploads\/2024\/08\/Dessin-3-\u00a9-Bernadette-Mauro-640x640.jpg 640w, https:\/\/www.bernadettemauro.fr\/sculptrice\/wp-content\/uploads\/2024\/08\/Dessin-3-\u00a9-Bernadette-Mauro-50x50.jpg 50w\" sizes=\"auto, (max-width: 1920px) 100vw, 1920px\" \/><\/a><\/figure>\n\n\n\n<figure class=\"wp-block-image size-full\"><a href=\"https:\/\/www.bernadettemauro.fr\/sculptrice\/wp-content\/uploads\/2024\/08\/Dessin-4-\u00a9-Bernadette-Mauro.jpg\" target=\"_blank\" rel=\"noopener\"><img loading=\"lazy\" decoding=\"async\" width=\"1920\" height=\"1920\" data-id=\"5986\" src=\"https:\/\/www.bernadettemauro.fr\/sculptrice\/wp-content\/uploads\/2024\/08\/Dessin-4-\u00a9-Bernadette-Mauro.jpg\" alt=\"Dessin 4 \u00a9 Bernadette Mauro\" class=\"wp-image-5986\" srcset=\"https:\/\/www.bernadettemauro.fr\/sculptrice\/wp-content\/uploads\/2024\/08\/Dessin-4-\u00a9-Bernadette-Mauro.jpg 1920w, https:\/\/www.bernadettemauro.fr\/sculptrice\/wp-content\/uploads\/2024\/08\/Dessin-4-\u00a9-Bernadette-Mauro-300x300.jpg 300w, https:\/\/www.bernadettemauro.fr\/sculptrice\/wp-content\/uploads\/2024\/08\/Dessin-4-\u00a9-Bernadette-Mauro-1024x1024.jpg 1024w, https:\/\/www.bernadettemauro.fr\/sculptrice\/wp-content\/uploads\/2024\/08\/Dessin-4-\u00a9-Bernadette-Mauro-150x150.jpg 150w, https:\/\/www.bernadettemauro.fr\/sculptrice\/wp-content\/uploads\/2024\/08\/Dessin-4-\u00a9-Bernadette-Mauro-768x768.jpg 768w, https:\/\/www.bernadettemauro.fr\/sculptrice\/wp-content\/uploads\/2024\/08\/Dessin-4-\u00a9-Bernadette-Mauro-1536x1536.jpg 1536w, https:\/\/www.bernadettemauro.fr\/sculptrice\/wp-content\/uploads\/2024\/08\/Dessin-4-\u00a9-Bernadette-Mauro-640x640.jpg 640w, https:\/\/www.bernadettemauro.fr\/sculptrice\/wp-content\/uploads\/2024\/08\/Dessin-4-\u00a9-Bernadette-Mauro-50x50.jpg 50w\" sizes=\"auto, (max-width: 1920px) 100vw, 1920px\" \/><\/a><\/figure>\n\n\n\n<figure class=\"wp-block-image size-full\"><a href=\"https:\/\/www.bernadettemauro.fr\/sculptrice\/wp-content\/uploads\/2024\/08\/Dessin-5-\u00a9-Bernadette-Mauro.jpg\" target=\"_blank\" rel=\"noopener\"><img loading=\"lazy\" decoding=\"async\" width=\"1920\" height=\"1920\" data-id=\"5987\" src=\"https:\/\/www.bernadettemauro.fr\/sculptrice\/wp-content\/uploads\/2024\/08\/Dessin-5-\u00a9-Bernadette-Mauro.jpg\" alt=\"Dessin 5 \u00a9 Bernadette Mauro\" class=\"wp-image-5987\" srcset=\"https:\/\/www.bernadettemauro.fr\/sculptrice\/wp-content\/uploads\/2024\/08\/Dessin-5-\u00a9-Bernadette-Mauro.jpg 1920w, https:\/\/www.bernadettemauro.fr\/sculptrice\/wp-content\/uploads\/2024\/08\/Dessin-5-\u00a9-Bernadette-Mauro-300x300.jpg 300w, https:\/\/www.bernadettemauro.fr\/sculptrice\/wp-content\/uploads\/2024\/08\/Dessin-5-\u00a9-Bernadette-Mauro-1024x1024.jpg 1024w, https:\/\/www.bernadettemauro.fr\/sculptrice\/wp-content\/uploads\/2024\/08\/Dessin-5-\u00a9-Bernadette-Mauro-150x150.jpg 150w, https:\/\/www.bernadettemauro.fr\/sculptrice\/wp-content\/uploads\/2024\/08\/Dessin-5-\u00a9-Bernadette-Mauro-768x768.jpg 768w, https:\/\/www.bernadettemauro.fr\/sculptrice\/wp-content\/uploads\/2024\/08\/Dessin-5-\u00a9-Bernadette-Mauro-1536x1536.jpg 1536w, https:\/\/www.bernadettemauro.fr\/sculptrice\/wp-content\/uploads\/2024\/08\/Dessin-5-\u00a9-Bernadette-Mauro-640x640.jpg 640w, https:\/\/www.bernadettemauro.fr\/sculptrice\/wp-content\/uploads\/2024\/08\/Dessin-5-\u00a9-Bernadette-Mauro-50x50.jpg 50w\" sizes=\"auto, (max-width: 1920px) 100vw, 1920px\" \/><\/a><\/figure>\n\n\n\n<figure class=\"wp-block-image size-full\"><a href=\"https:\/\/www.bernadettemauro.fr\/sculptrice\/wp-content\/uploads\/2024\/08\/Dessin-6-\u00a9-Bernadette-Mauro.jpg\" target=\"_blank\" rel=\"noopener\"><img loading=\"lazy\" decoding=\"async\" width=\"1920\" height=\"1920\" data-id=\"5988\" src=\"https:\/\/www.bernadettemauro.fr\/sculptrice\/wp-content\/uploads\/2024\/08\/Dessin-6-\u00a9-Bernadette-Mauro.jpg\" alt=\"Dessin 6 \u00a9 Bernadette Mauro\" class=\"wp-image-5988\" srcset=\"https:\/\/www.bernadettemauro.fr\/sculptrice\/wp-content\/uploads\/2024\/08\/Dessin-6-\u00a9-Bernadette-Mauro.jpg 1920w, https:\/\/www.bernadettemauro.fr\/sculptrice\/wp-content\/uploads\/2024\/08\/Dessin-6-\u00a9-Bernadette-Mauro-300x300.jpg 300w, https:\/\/www.bernadettemauro.fr\/sculptrice\/wp-content\/uploads\/2024\/08\/Dessin-6-\u00a9-Bernadette-Mauro-1024x1024.jpg 1024w, https:\/\/www.bernadettemauro.fr\/sculptrice\/wp-content\/uploads\/2024\/08\/Dessin-6-\u00a9-Bernadette-Mauro-150x150.jpg 150w, https:\/\/www.bernadettemauro.fr\/sculptrice\/wp-content\/uploads\/2024\/08\/Dessin-6-\u00a9-Bernadette-Mauro-768x768.jpg 768w, https:\/\/www.bernadettemauro.fr\/sculptrice\/wp-content\/uploads\/2024\/08\/Dessin-6-\u00a9-Bernadette-Mauro-1536x1536.jpg 1536w, https:\/\/www.bernadettemauro.fr\/sculptrice\/wp-content\/uploads\/2024\/08\/Dessin-6-\u00a9-Bernadette-Mauro-640x640.jpg 640w, https:\/\/www.bernadettemauro.fr\/sculptrice\/wp-content\/uploads\/2024\/08\/Dessin-6-\u00a9-Bernadette-Mauro-50x50.jpg 50w\" sizes=\"auto, (max-width: 1920px) 100vw, 1920px\" \/><\/a><\/figure>\n<\/figure>\n\n\n\n<p>C\u2019est le portrait que je pr\u00e9f\u00e8re, tant en dessin qu\u2019en modelage, m\u00eame si le regard est difficile \u00e0 reproduire en terre. Mais le portrait en buste conventionnel ne m\u2019int\u00e9resse pas. Il me faut le complexifier en y ajoutant une composante symbolique ou des volutes tr\u00e8s personnelles.<\/p>\n\n\n\n<figure class=\"wp-block-gallery has-nested-images columns-default wp-block-gallery-3 is-layout-flex wp-block-gallery-is-layout-flex\">\n<figure class=\"wp-block-image size-full\"><a href=\"https:\/\/www.bernadettemauro.fr\/sculptrice\/wp-content\/uploads\/2024\/08\/modeles-vivants-Endormie-\u00a9-Bernadette-Mauro.jpg\" target=\"_blank\" rel=\"noopener\"><img loading=\"lazy\" decoding=\"async\" width=\"1920\" height=\"650\" data-id=\"5992\" src=\"https:\/\/www.bernadettemauro.fr\/sculptrice\/wp-content\/uploads\/2024\/08\/modeles-vivants-Endormie-\u00a9-Bernadette-Mauro.jpg\" alt=\"modeles vivants Endormie \u00a9 Bernadette Mauro\" class=\"wp-image-5992\" srcset=\"https:\/\/www.bernadettemauro.fr\/sculptrice\/wp-content\/uploads\/2024\/08\/modeles-vivants-Endormie-\u00a9-Bernadette-Mauro.jpg 1920w, https:\/\/www.bernadettemauro.fr\/sculptrice\/wp-content\/uploads\/2024\/08\/modeles-vivants-Endormie-\u00a9-Bernadette-Mauro-300x102.jpg 300w, https:\/\/www.bernadettemauro.fr\/sculptrice\/wp-content\/uploads\/2024\/08\/modeles-vivants-Endormie-\u00a9-Bernadette-Mauro-1024x347.jpg 1024w, https:\/\/www.bernadettemauro.fr\/sculptrice\/wp-content\/uploads\/2024\/08\/modeles-vivants-Endormie-\u00a9-Bernadette-Mauro-768x260.jpg 768w, https:\/\/www.bernadettemauro.fr\/sculptrice\/wp-content\/uploads\/2024\/08\/modeles-vivants-Endormie-\u00a9-Bernadette-Mauro-1536x520.jpg 1536w\" sizes=\"auto, (max-width: 1920px) 100vw, 1920px\" \/><\/a><figcaption class=\"wp-element-caption\">Endormie<\/figcaption><\/figure>\n<\/figure>\n\n\n\n<figure class=\"wp-block-gallery has-nested-images columns-2 wp-block-gallery-4 is-layout-flex wp-block-gallery-is-layout-flex\">\n<figure class=\"wp-block-image size-full\"><a href=\"https:\/\/www.bernadettemauro.fr\/sculptrice\/wp-content\/uploads\/2024\/08\/modeles-vivants-Jeanne-\u00a9-Bernadette-Mauro.jpg\" target=\"_blank\" rel=\"noopener\"><img loading=\"lazy\" decoding=\"async\" width=\"1920\" height=\"1280\" data-id=\"5994\" src=\"https:\/\/www.bernadettemauro.fr\/sculptrice\/wp-content\/uploads\/2024\/08\/modeles-vivants-Jeanne-\u00a9-Bernadette-Mauro.jpg\" alt=\"modeles vivants Jeanne \u00a9 Bernadette Mauro\" class=\"wp-image-5994\" srcset=\"https:\/\/www.bernadettemauro.fr\/sculptrice\/wp-content\/uploads\/2024\/08\/modeles-vivants-Jeanne-\u00a9-Bernadette-Mauro.jpg 1920w, https:\/\/www.bernadettemauro.fr\/sculptrice\/wp-content\/uploads\/2024\/08\/modeles-vivants-Jeanne-\u00a9-Bernadette-Mauro-300x200.jpg 300w, https:\/\/www.bernadettemauro.fr\/sculptrice\/wp-content\/uploads\/2024\/08\/modeles-vivants-Jeanne-\u00a9-Bernadette-Mauro-1024x683.jpg 1024w, https:\/\/www.bernadettemauro.fr\/sculptrice\/wp-content\/uploads\/2024\/08\/modeles-vivants-Jeanne-\u00a9-Bernadette-Mauro-768x512.jpg 768w, https:\/\/www.bernadettemauro.fr\/sculptrice\/wp-content\/uploads\/2024\/08\/modeles-vivants-Jeanne-\u00a9-Bernadette-Mauro-1536x1024.jpg 1536w\" sizes=\"auto, (max-width: 1920px) 100vw, 1920px\" \/><\/a><figcaption class=\"wp-element-caption\">Jeanne<\/figcaption><\/figure>\n\n\n\n<figure class=\"wp-block-image size-full\"><a href=\"https:\/\/www.bernadettemauro.fr\/sculptrice\/wp-content\/uploads\/2024\/08\/modeles-vivants-Reflexion-\u00a9-Bernadette-Mauro.jpg\" target=\"_blank\" rel=\"noopener\"><img loading=\"lazy\" decoding=\"async\" width=\"1920\" height=\"1280\" data-id=\"5995\" src=\"https:\/\/www.bernadettemauro.fr\/sculptrice\/wp-content\/uploads\/2024\/08\/modeles-vivants-Reflexion-\u00a9-Bernadette-Mauro.jpg\" alt=\"modeles vivants Reflexion \u00a9 Bernadette Mauro\" class=\"wp-image-5995\" srcset=\"https:\/\/www.bernadettemauro.fr\/sculptrice\/wp-content\/uploads\/2024\/08\/modeles-vivants-Reflexion-\u00a9-Bernadette-Mauro.jpg 1920w, https:\/\/www.bernadettemauro.fr\/sculptrice\/wp-content\/uploads\/2024\/08\/modeles-vivants-Reflexion-\u00a9-Bernadette-Mauro-300x200.jpg 300w, https:\/\/www.bernadettemauro.fr\/sculptrice\/wp-content\/uploads\/2024\/08\/modeles-vivants-Reflexion-\u00a9-Bernadette-Mauro-1024x683.jpg 1024w, https:\/\/www.bernadettemauro.fr\/sculptrice\/wp-content\/uploads\/2024\/08\/modeles-vivants-Reflexion-\u00a9-Bernadette-Mauro-768x512.jpg 768w, https:\/\/www.bernadettemauro.fr\/sculptrice\/wp-content\/uploads\/2024\/08\/modeles-vivants-Reflexion-\u00a9-Bernadette-Mauro-1536x1024.jpg 1536w\" sizes=\"auto, (max-width: 1920px) 100vw, 1920px\" \/><\/a><figcaption class=\"wp-element-caption\">R\u00e9flexion<\/figcaption><\/figure>\n\n\n\n<figure class=\"wp-block-image size-full\"><a href=\"https:\/\/www.bernadettemauro.fr\/sculptrice\/wp-content\/uploads\/2024\/08\/modeles-vivants-Attente-\u00a9-Bernadette-Mauro.jpg\" target=\"_blank\" rel=\"noopener\"><img loading=\"lazy\" decoding=\"async\" width=\"1920\" height=\"1280\" data-id=\"5996\" src=\"https:\/\/www.bernadettemauro.fr\/sculptrice\/wp-content\/uploads\/2024\/08\/modeles-vivants-Attente-\u00a9-Bernadette-Mauro.jpg\" alt=\"modeles vivants Attente \u00a9 Bernadette Mauro\" class=\"wp-image-5996\" srcset=\"https:\/\/www.bernadettemauro.fr\/sculptrice\/wp-content\/uploads\/2024\/08\/modeles-vivants-Attente-\u00a9-Bernadette-Mauro.jpg 1920w, https:\/\/www.bernadettemauro.fr\/sculptrice\/wp-content\/uploads\/2024\/08\/modeles-vivants-Attente-\u00a9-Bernadette-Mauro-300x200.jpg 300w, https:\/\/www.bernadettemauro.fr\/sculptrice\/wp-content\/uploads\/2024\/08\/modeles-vivants-Attente-\u00a9-Bernadette-Mauro-1024x683.jpg 1024w, https:\/\/www.bernadettemauro.fr\/sculptrice\/wp-content\/uploads\/2024\/08\/modeles-vivants-Attente-\u00a9-Bernadette-Mauro-768x512.jpg 768w, https:\/\/www.bernadettemauro.fr\/sculptrice\/wp-content\/uploads\/2024\/08\/modeles-vivants-Attente-\u00a9-Bernadette-Mauro-1536x1024.jpg 1536w\" sizes=\"auto, (max-width: 1920px) 100vw, 1920px\" \/><\/a><figcaption class=\"wp-element-caption\">Attente<\/figcaption><\/figure>\n\n\n\n<figure class=\"wp-block-image size-full\"><a href=\"https:\/\/www.bernadettemauro.fr\/sculptrice\/wp-content\/uploads\/2024\/08\/modeles-vivants-Blottie-\u00a9-Bernadette-Mauro.jpg\" target=\"_blank\" rel=\"noopener\"><img loading=\"lazy\" decoding=\"async\" width=\"1920\" height=\"1280\" data-id=\"5993\" src=\"https:\/\/www.bernadettemauro.fr\/sculptrice\/wp-content\/uploads\/2024\/08\/modeles-vivants-Blottie-\u00a9-Bernadette-Mauro.jpg\" alt=\"modeles vivants Blottie \u00a9 Bernadette Mauro\" class=\"wp-image-5993\" srcset=\"https:\/\/www.bernadettemauro.fr\/sculptrice\/wp-content\/uploads\/2024\/08\/modeles-vivants-Blottie-\u00a9-Bernadette-Mauro.jpg 1920w, https:\/\/www.bernadettemauro.fr\/sculptrice\/wp-content\/uploads\/2024\/08\/modeles-vivants-Blottie-\u00a9-Bernadette-Mauro-300x200.jpg 300w, https:\/\/www.bernadettemauro.fr\/sculptrice\/wp-content\/uploads\/2024\/08\/modeles-vivants-Blottie-\u00a9-Bernadette-Mauro-1024x683.jpg 1024w, https:\/\/www.bernadettemauro.fr\/sculptrice\/wp-content\/uploads\/2024\/08\/modeles-vivants-Blottie-\u00a9-Bernadette-Mauro-768x512.jpg 768w, https:\/\/www.bernadettemauro.fr\/sculptrice\/wp-content\/uploads\/2024\/08\/modeles-vivants-Blottie-\u00a9-Bernadette-Mauro-1536x1024.jpg 1536w\" sizes=\"auto, (max-width: 1920px) 100vw, 1920px\" \/><\/a><figcaption class=\"wp-element-caption\">Blottie<\/figcaption><\/figure>\n<\/figure>\n\n\n\n<p>Je peux r\u00e9aliser le portrait de personnes c\u00e9l\u00e8bres mais il m\u2019arrive de travailler sur commande pour des particuliers.<\/p>\n","protected":false},"excerpt":{"rendered":"<p>Le croquis de mod\u00e8le vivant m\u2019est indispensable afin de garder une vision fid\u00e8le de l\u2019anatomie, tant f\u00e9minine que masculine. Les poses courtes, 2 ou 3 minutes, permettent en travaillant dans<\/p>\n<p class=\"more-link\"><a href=\"https:\/\/www.bernadettemauro.fr\/sculptrice\/dessin-et-modelage\/\" class=\"readmore\">Lire la suite &#8230;<span class=\"screen-reader-text\">Dessin et modelage<\/span><\/a><\/p>\n","protected":false},"author":1,"featured_media":5982,"parent":0,"menu_order":0,"comment_status":"closed","ping_status":"closed","template":"templates\/right-sidebar.php","meta":{"footnotes":""},"class_list":["post-5977","page","type-page","status-publish","has-post-thumbnail","hentry"],"_links":{"self":[{"href":"https:\/\/www.bernadettemauro.fr\/sculptrice\/wp-json\/wp\/v2\/pages\/5977","targetHints":{"allow":["GET"]}}],"collection":[{"href":"https:\/\/www.bernadettemauro.fr\/sculptrice\/wp-json\/wp\/v2\/pages"}],"about":[{"href":"https:\/\/www.bernadettemauro.fr\/sculptrice\/wp-json\/wp\/v2\/types\/page"}],"author":[{"embeddable":true,"href":"https:\/\/www.bernadettemauro.fr\/sculptrice\/wp-json\/wp\/v2\/users\/1"}],"replies":[{"embeddable":true,"href":"https:\/\/www.bernadettemauro.fr\/sculptrice\/wp-json\/wp\/v2\/comments?post=5977"}],"version-history":[{"count":4,"href":"https:\/\/www.bernadettemauro.fr\/sculptrice\/wp-json\/wp\/v2\/pages\/5977\/revisions"}],"predecessor-version":[{"id":5999,"href":"https:\/\/www.bernadettemauro.fr\/sculptrice\/wp-json\/wp\/v2\/pages\/5977\/revisions\/5999"}],"wp:featuredmedia":[{"embeddable":true,"href":"https:\/\/www.bernadettemauro.fr\/sculptrice\/wp-json\/wp\/v2\/media\/5982"}],"wp:attachment":[{"href":"https:\/\/www.bernadettemauro.fr\/sculptrice\/wp-json\/wp\/v2\/media?parent=5977"}],"curies":[{"name":"wp","href":"https:\/\/api.w.org\/{rel}","templated":true}]}}