{"id":5969,"date":"2024-08-07T14:54:57","date_gmt":"2024-08-07T12:54:57","guid":{"rendered":"https:\/\/www.bernadettemauro.fr\/sculptrice\/?page_id=5969"},"modified":"2024-08-07T15:00:15","modified_gmt":"2024-08-07T13:00:15","slug":"parcours","status":"publish","type":"page","link":"https:\/\/www.bernadettemauro.fr\/sculptrice\/parcours\/","title":{"rendered":"Parcours"},"content":{"rendered":"<div class=\"wp-block-image\">\n<figure class=\"alignleft size-full\"><img loading=\"lazy\" decoding=\"async\" width=\"725\" height=\"725\" src=\"https:\/\/www.bernadettemauro.fr\/sculptrice\/wp-content\/uploads\/2024\/08\/Bernadette-Mauro-sculptrice.jpg\" alt=\"Bernadette Mauro sculptrice\" class=\"wp-image-5971\" srcset=\"https:\/\/www.bernadettemauro.fr\/sculptrice\/wp-content\/uploads\/2024\/08\/Bernadette-Mauro-sculptrice.jpg 725w, https:\/\/www.bernadettemauro.fr\/sculptrice\/wp-content\/uploads\/2024\/08\/Bernadette-Mauro-sculptrice-300x300.jpg 300w, https:\/\/www.bernadettemauro.fr\/sculptrice\/wp-content\/uploads\/2024\/08\/Bernadette-Mauro-sculptrice-150x150.jpg 150w, https:\/\/www.bernadettemauro.fr\/sculptrice\/wp-content\/uploads\/2024\/08\/Bernadette-Mauro-sculptrice-640x640.jpg 640w, https:\/\/www.bernadettemauro.fr\/sculptrice\/wp-content\/uploads\/2024\/08\/Bernadette-Mauro-sculptrice-50x50.jpg 50w\" sizes=\"auto, (max-width: 725px) 100vw, 725px\" \/><\/figure>\n<\/div>\n\n\n<p>Artiste autodidacte, je suis n\u00e9e en 1955 en Alg\u00e9rie. Je pratique le dessin et la peinture depuis toujours. Ma formation et ma vie professionnelles m\u2019ont amen\u00e9e \u00e0 utiliser toutes sortes de techniques et de mat\u00e9riaux. J\u2019ai \u00e9t\u00e9 assistante d\u2019ing\u00e9nieur, professeur d\u2019\u00e9ducation manuelle et de technologie, puis costumi\u00e8re avant de d\u00e9couvrir le modelage de l\u2019argile. Je m\u2019y consacre depuis 2008 tout en continuant le dessin et la peinture.<br><br>Je suis membre de la&nbsp;<strong>Fondation Taylor<\/strong>&nbsp;et Secr\u00e9taire de&nbsp;<strong>l\u2019Acad\u00e9mie des Arts &amp; Sciences de la Mer.<\/strong><br><br>J\u2019expose depuis 2008 principalement en Bretagne et autour de Dreux o\u00f9 j\u2019habite. Entre autres&nbsp;:<br><br>&#8211; Participation aux diff\u00e9rents Salons parisiens&nbsp;: <strong>Salon de la Marine<\/strong> 2012, <strong>Artistes Fran\u00e7ais<\/strong> 2015, <strong>Salon d\u2019Automne<\/strong> 2015, 2016, 2017.<br><br>&#8211; <strong>Prix du jury<\/strong> \u00e0 Saint Germain-les-Corbeil (91) en 2016 et \u00e0 Gagny (93) en 2017.<br><br>&#8211; <strong>Prix de sculpture<\/strong> \u00e0 Saint R\u00e9my-sur-Avre et La Couture-Boussay (27) en 2017, \u00e0 Maintenon-Pierres (28) en 2018, \u00e0 Versailles en 2018 et \u00e0 Etaples (62) en 2024.<br><br>&#8211; Exposition permanente \u00e0 l&rsquo;<strong>Atelier des Cypr\u00e8s<\/strong>, la galerie de <strong>Daniel Girault<\/strong>, rue du port \u00e0 Erquy (22).<br><br>&#8211; Participation aux salons <strong>Oc\u00e9anisime<\/strong>&nbsp;de l\u2019<strong>Acad\u00e9mie des Arts &amp; Sciences de la Mer<\/strong> depuis 2013.<\/p>\n","protected":false},"excerpt":{"rendered":"<p>Artiste autodidacte, je suis n\u00e9e en 1955 en Alg\u00e9rie. Je pratique le dessin et la peinture depuis toujours. Ma formation et ma vie professionnelles m\u2019ont amen\u00e9e \u00e0 utiliser toutes sortes<\/p>\n<p class=\"more-link\"><a href=\"https:\/\/www.bernadettemauro.fr\/sculptrice\/parcours\/\" class=\"readmore\">Lire la suite &#8230;<span class=\"screen-reader-text\">Parcours<\/span><\/a><\/p>\n","protected":false},"author":1,"featured_media":0,"parent":0,"menu_order":0,"comment_status":"closed","ping_status":"closed","template":"templates\/right-sidebar.php","meta":{"footnotes":""},"class_list":["post-5969","page","type-page","status-publish","hentry"],"_links":{"self":[{"href":"https:\/\/www.bernadettemauro.fr\/sculptrice\/wp-json\/wp\/v2\/pages\/5969","targetHints":{"allow":["GET"]}}],"collection":[{"href":"https:\/\/www.bernadettemauro.fr\/sculptrice\/wp-json\/wp\/v2\/pages"}],"about":[{"href":"https:\/\/www.bernadettemauro.fr\/sculptrice\/wp-json\/wp\/v2\/types\/page"}],"author":[{"embeddable":true,"href":"https:\/\/www.bernadettemauro.fr\/sculptrice\/wp-json\/wp\/v2\/users\/1"}],"replies":[{"embeddable":true,"href":"https:\/\/www.bernadettemauro.fr\/sculptrice\/wp-json\/wp\/v2\/comments?post=5969"}],"version-history":[{"count":2,"href":"https:\/\/www.bernadettemauro.fr\/sculptrice\/wp-json\/wp\/v2\/pages\/5969\/revisions"}],"predecessor-version":[{"id":5972,"href":"https:\/\/www.bernadettemauro.fr\/sculptrice\/wp-json\/wp\/v2\/pages\/5969\/revisions\/5972"}],"wp:attachment":[{"href":"https:\/\/www.bernadettemauro.fr\/sculptrice\/wp-json\/wp\/v2\/media?parent=5969"}],"curies":[{"name":"wp","href":"https:\/\/api.w.org\/{rel}","templated":true}]}}