{"id":5784,"date":"2024-08-06T11:03:02","date_gmt":"2024-08-06T09:03:02","guid":{"rendered":"https:\/\/www.bernadettemauro.fr\/sculptrice\/?page_id=5784"},"modified":"2024-08-07T19:11:51","modified_gmt":"2024-08-07T17:11:51","slug":"ma-demarche-artistique","status":"publish","type":"page","link":"https:\/\/www.bernadettemauro.fr\/sculptrice\/ma-demarche-artistique\/","title":{"rendered":"Ma d\u00e9marche artistique"},"content":{"rendered":"\n<figure class=\"wp-block-gallery has-nested-images columns-default wp-block-gallery-1 is-layout-flex wp-block-gallery-is-layout-flex\">\n<figure class=\"wp-block-image size-full\"><a href=\"https:\/\/www.bernadettemauro.fr\/sculptrice\/wp-content\/uploads\/2024\/08\/slider-image3.jpg\" target=\"_blank\" rel=\"noopener\"><img loading=\"lazy\" decoding=\"async\" width=\"1920\" height=\"1080\" data-id=\"5769\" src=\"https:\/\/www.bernadettemauro.fr\/sculptrice\/wp-content\/uploads\/2024\/08\/slider-image3.jpg\" alt=\"slider image 3\" class=\"wp-image-5769\" srcset=\"https:\/\/www.bernadettemauro.fr\/sculptrice\/wp-content\/uploads\/2024\/08\/slider-image3.jpg 1920w, https:\/\/www.bernadettemauro.fr\/sculptrice\/wp-content\/uploads\/2024\/08\/slider-image3-300x169.jpg 300w, https:\/\/www.bernadettemauro.fr\/sculptrice\/wp-content\/uploads\/2024\/08\/slider-image3-1024x576.jpg 1024w, https:\/\/www.bernadettemauro.fr\/sculptrice\/wp-content\/uploads\/2024\/08\/slider-image3-768x432.jpg 768w, https:\/\/www.bernadettemauro.fr\/sculptrice\/wp-content\/uploads\/2024\/08\/slider-image3-1536x864.jpg 1536w\" sizes=\"auto, (max-width: 1920px) 100vw, 1920px\" \/><\/a><figcaption class=\"wp-element-caption\">Thalassa<\/figcaption><\/figure>\n<\/figure>\n\n\n\n<p>Le travail de la terre est \u00e0 la fois sensuel et technique car il faut <em>sentir la mati\u00e8re<\/em> pour la travailler et en conna\u00eetre les contraintes pour la ma\u00eetriser. L\u2019argile change de consistance \u00e0 chaque instant pendant qu\u2019on la travaille, elle est tr\u00e8s molle au d\u00e9but et se solidifie petit \u00e0 petit en s\u00e9chant. Mon inspiration varie selon le type de terre que j\u2019utilise, la possibilit\u00e9 ou non de lui faire subir l\u2019\u00e9preuve d\u2019un \u00e9maillage au Raku, et les contraintes techniques qui font d\u00e9vier imperceptiblement le sujet d\u2019origine pour aboutir \u00e0 un r\u00e9sultat auquel on n\u2019avait pas pens\u00e9 consciemment, mais qui s\u2019impose comme une \u00e9vidence.<\/p>\n\n\n\n<figure class=\"wp-block-gallery has-nested-images columns-default is-cropped wp-block-gallery-2 is-layout-flex wp-block-gallery-is-layout-flex\">\n<figure class=\"wp-block-image size-full\"><a href=\"https:\/\/www.bernadettemauro.fr\/sculptrice\/wp-content\/uploads\/2024\/08\/coquillage-Uranie-\u00a9-Bernadette-Mauro.jpg\"><img loading=\"lazy\" decoding=\"async\" width=\"1920\" height=\"1440\" data-id=\"5888\" src=\"https:\/\/www.bernadettemauro.fr\/sculptrice\/wp-content\/uploads\/2024\/08\/coquillage-Uranie-\u00a9-Bernadette-Mauro.jpg\" alt=\"coquillage Uranie \u00a9 Bernadette Mauro\" class=\"wp-image-5888\" srcset=\"https:\/\/www.bernadettemauro.fr\/sculptrice\/wp-content\/uploads\/2024\/08\/coquillage-Uranie-\u00a9-Bernadette-Mauro.jpg 1920w, https:\/\/www.bernadettemauro.fr\/sculptrice\/wp-content\/uploads\/2024\/08\/coquillage-Uranie-\u00a9-Bernadette-Mauro-300x225.jpg 300w, https:\/\/www.bernadettemauro.fr\/sculptrice\/wp-content\/uploads\/2024\/08\/coquillage-Uranie-\u00a9-Bernadette-Mauro-1024x768.jpg 1024w, https:\/\/www.bernadettemauro.fr\/sculptrice\/wp-content\/uploads\/2024\/08\/coquillage-Uranie-\u00a9-Bernadette-Mauro-768x576.jpg 768w, https:\/\/www.bernadettemauro.fr\/sculptrice\/wp-content\/uploads\/2024\/08\/coquillage-Uranie-\u00a9-Bernadette-Mauro-1536x1152.jpg 1536w\" sizes=\"auto, (max-width: 1920px) 100vw, 1920px\" \/><\/a><figcaption class=\"wp-element-caption\">Uranie<\/figcaption><\/figure>\n\n\n\n<figure class=\"wp-block-image size-full\"><a href=\"https:\/\/www.bernadettemauro.fr\/sculptrice\/wp-content\/uploads\/2024\/08\/coquillage-Cleia-\u00a9-Bernadette-Mauro.jpg\"><img loading=\"lazy\" decoding=\"async\" width=\"1920\" height=\"1440\" data-id=\"5871\" src=\"https:\/\/www.bernadettemauro.fr\/sculptrice\/wp-content\/uploads\/2024\/08\/coquillage-Cleia-\u00a9-Bernadette-Mauro.jpg\" alt=\"coquillage Cleia \u00a9 Bernadette Mauro\" class=\"wp-image-5871\" srcset=\"https:\/\/www.bernadettemauro.fr\/sculptrice\/wp-content\/uploads\/2024\/08\/coquillage-Cleia-\u00a9-Bernadette-Mauro.jpg 1920w, https:\/\/www.bernadettemauro.fr\/sculptrice\/wp-content\/uploads\/2024\/08\/coquillage-Cleia-\u00a9-Bernadette-Mauro-300x225.jpg 300w, https:\/\/www.bernadettemauro.fr\/sculptrice\/wp-content\/uploads\/2024\/08\/coquillage-Cleia-\u00a9-Bernadette-Mauro-1024x768.jpg 1024w, https:\/\/www.bernadettemauro.fr\/sculptrice\/wp-content\/uploads\/2024\/08\/coquillage-Cleia-\u00a9-Bernadette-Mauro-768x576.jpg 768w, https:\/\/www.bernadettemauro.fr\/sculptrice\/wp-content\/uploads\/2024\/08\/coquillage-Cleia-\u00a9-Bernadette-Mauro-1536x1152.jpg 1536w\" sizes=\"auto, (max-width: 1920px) 100vw, 1920px\" \/><\/a><figcaption class=\"wp-element-caption\">Cl\u00e9ia<\/figcaption><\/figure>\n\n\n\n<figure class=\"wp-block-image size-full\"><a href=\"https:\/\/www.bernadettemauro.fr\/sculptrice\/wp-content\/uploads\/2024\/08\/coquillage-Solitude-\u00a9-Bernadette-Mauro.jpg\"><img loading=\"lazy\" decoding=\"async\" width=\"1920\" height=\"1440\" data-id=\"5883\" src=\"https:\/\/www.bernadettemauro.fr\/sculptrice\/wp-content\/uploads\/2024\/08\/coquillage-Solitude-\u00a9-Bernadette-Mauro.jpg\" alt=\"coquillage Solitude \u00a9 Bernadette Mauro\" class=\"wp-image-5883\" srcset=\"https:\/\/www.bernadettemauro.fr\/sculptrice\/wp-content\/uploads\/2024\/08\/coquillage-Solitude-\u00a9-Bernadette-Mauro.jpg 1920w, https:\/\/www.bernadettemauro.fr\/sculptrice\/wp-content\/uploads\/2024\/08\/coquillage-Solitude-\u00a9-Bernadette-Mauro-300x225.jpg 300w, https:\/\/www.bernadettemauro.fr\/sculptrice\/wp-content\/uploads\/2024\/08\/coquillage-Solitude-\u00a9-Bernadette-Mauro-1024x768.jpg 1024w, https:\/\/www.bernadettemauro.fr\/sculptrice\/wp-content\/uploads\/2024\/08\/coquillage-Solitude-\u00a9-Bernadette-Mauro-768x576.jpg 768w, https:\/\/www.bernadettemauro.fr\/sculptrice\/wp-content\/uploads\/2024\/08\/coquillage-Solitude-\u00a9-Bernadette-Mauro-1536x1152.jpg 1536w\" sizes=\"auto, (max-width: 1920px) 100vw, 1920px\" \/><\/a><figcaption class=\"wp-element-caption\">Solitude<\/figcaption><\/figure>\n<\/figure>\n\n\n\n<p>La beaut\u00e9 du vivant est ma source d\u2019inspiration\u00a0: humains, animaux, v\u00e9g\u00e9taux, tout est li\u00e9. Chacune de mes cr\u00e9ations est unique, j&rsquo;y recherche l&rsquo;esth\u00e9tique et l&rsquo;harmonie.<\/p>\n\n\n\n<figure class=\"wp-block-gallery has-nested-images columns-default wp-block-gallery-3 is-layout-flex wp-block-gallery-is-layout-flex\">\n<figure class=\"wp-block-image size-full\"><a href=\"https:\/\/www.bernadettemauro.fr\/sculptrice\/wp-content\/uploads\/2024\/08\/coquillage-La-vague-\u00a9-Bernadette-Mauro.jpg\" target=\"_blank\" rel=\"noopener\"><img loading=\"lazy\" decoding=\"async\" width=\"1920\" height=\"1440\" data-id=\"5879\" src=\"https:\/\/www.bernadettemauro.fr\/sculptrice\/wp-content\/uploads\/2024\/08\/coquillage-La-vague-\u00a9-Bernadette-Mauro.jpg\" alt=\"coquillage La vague \u00a9 Bernadette Mauro\" class=\"wp-image-5879\" srcset=\"https:\/\/www.bernadettemauro.fr\/sculptrice\/wp-content\/uploads\/2024\/08\/coquillage-La-vague-\u00a9-Bernadette-Mauro.jpg 1920w, https:\/\/www.bernadettemauro.fr\/sculptrice\/wp-content\/uploads\/2024\/08\/coquillage-La-vague-\u00a9-Bernadette-Mauro-300x225.jpg 300w, https:\/\/www.bernadettemauro.fr\/sculptrice\/wp-content\/uploads\/2024\/08\/coquillage-La-vague-\u00a9-Bernadette-Mauro-1024x768.jpg 1024w, https:\/\/www.bernadettemauro.fr\/sculptrice\/wp-content\/uploads\/2024\/08\/coquillage-La-vague-\u00a9-Bernadette-Mauro-768x576.jpg 768w, https:\/\/www.bernadettemauro.fr\/sculptrice\/wp-content\/uploads\/2024\/08\/coquillage-La-vague-\u00a9-Bernadette-Mauro-1536x1152.jpg 1536w\" sizes=\"auto, (max-width: 1920px) 100vw, 1920px\" \/><\/a><figcaption class=\"wp-element-caption\">La vague<\/figcaption><\/figure>\n<\/figure>\n\n\n\n<p>La mer, \u00e0 l\u2019origine de la vie, m&rsquo;offre un monde fantastique fait de volutes et d&rsquo;ondulations que je m\u00eale \u00e0 des anatomies ou des portraits. Mes \u0153uvres sont le plus souvent fragmentaires. C&rsquo;est l&rsquo;imagination qui permet de combler les vides pour donner une coh\u00e9rence et une interpr\u00e9tation propres \u00e0 chacun.<\/p>\n\n\n\n<figure class=\"wp-block-gallery has-nested-images columns-default wp-block-gallery-4 is-layout-flex wp-block-gallery-is-layout-flex\">\n<figure class=\"wp-block-image size-full\"><a href=\"https:\/\/www.bernadettemauro.fr\/sculptrice\/wp-content\/uploads\/2024\/08\/coquillage-Cassandra-\u00a9-Bernadette-Mauro.jpg\" target=\"_blank\" rel=\"noopener\"><img loading=\"lazy\" decoding=\"async\" width=\"1707\" height=\"2560\" data-id=\"5870\" src=\"https:\/\/www.bernadettemauro.fr\/sculptrice\/wp-content\/uploads\/2024\/08\/coquillage-Cassandra-\u00a9-Bernadette-Mauro.jpg\" alt=\"coquillage Cassandra \u00a9 Bernadette Mauro\" class=\"wp-image-5870\" srcset=\"https:\/\/www.bernadettemauro.fr\/sculptrice\/wp-content\/uploads\/2024\/08\/coquillage-Cassandra-\u00a9-Bernadette-Mauro.jpg 1707w, https:\/\/www.bernadettemauro.fr\/sculptrice\/wp-content\/uploads\/2024\/08\/coquillage-Cassandra-\u00a9-Bernadette-Mauro-200x300.jpg 200w, https:\/\/www.bernadettemauro.fr\/sculptrice\/wp-content\/uploads\/2024\/08\/coquillage-Cassandra-\u00a9-Bernadette-Mauro-683x1024.jpg 683w, https:\/\/www.bernadettemauro.fr\/sculptrice\/wp-content\/uploads\/2024\/08\/coquillage-Cassandra-\u00a9-Bernadette-Mauro-768x1152.jpg 768w, https:\/\/www.bernadettemauro.fr\/sculptrice\/wp-content\/uploads\/2024\/08\/coquillage-Cassandra-\u00a9-Bernadette-Mauro-1024x1536.jpg 1024w, https:\/\/www.bernadettemauro.fr\/sculptrice\/wp-content\/uploads\/2024\/08\/coquillage-Cassandra-\u00a9-Bernadette-Mauro-1366x2048.jpg 1366w\" sizes=\"auto, (max-width: 1707px) 100vw, 1707px\" \/><\/a><figcaption class=\"wp-element-caption\">Cassandra<\/figcaption><\/figure>\n\n\n\n<figure class=\"wp-block-image size-full\"><a href=\"https:\/\/www.bernadettemauro.fr\/sculptrice\/wp-content\/uploads\/2024\/08\/portrait-Orphee-\u00a9-Bernadette-Mauro.jpg\" target=\"_blank\" rel=\"noopener\"><img loading=\"lazy\" decoding=\"async\" width=\"1707\" height=\"2560\" data-id=\"5924\" src=\"https:\/\/www.bernadettemauro.fr\/sculptrice\/wp-content\/uploads\/2024\/08\/portrait-Orphee-\u00a9-Bernadette-Mauro.jpg\" alt=\"portrait Orphee \u00a9 Bernadette Mauro\" class=\"wp-image-5924\" srcset=\"https:\/\/www.bernadettemauro.fr\/sculptrice\/wp-content\/uploads\/2024\/08\/portrait-Orphee-\u00a9-Bernadette-Mauro.jpg 1707w, https:\/\/www.bernadettemauro.fr\/sculptrice\/wp-content\/uploads\/2024\/08\/portrait-Orphee-\u00a9-Bernadette-Mauro-200x300.jpg 200w, https:\/\/www.bernadettemauro.fr\/sculptrice\/wp-content\/uploads\/2024\/08\/portrait-Orphee-\u00a9-Bernadette-Mauro-683x1024.jpg 683w, https:\/\/www.bernadettemauro.fr\/sculptrice\/wp-content\/uploads\/2024\/08\/portrait-Orphee-\u00a9-Bernadette-Mauro-768x1152.jpg 768w, https:\/\/www.bernadettemauro.fr\/sculptrice\/wp-content\/uploads\/2024\/08\/portrait-Orphee-\u00a9-Bernadette-Mauro-1024x1536.jpg 1024w, https:\/\/www.bernadettemauro.fr\/sculptrice\/wp-content\/uploads\/2024\/08\/portrait-Orphee-\u00a9-Bernadette-Mauro-1366x2048.jpg 1366w\" sizes=\"auto, (max-width: 1707px) 100vw, 1707px\" \/><\/a><figcaption class=\"wp-element-caption\">Orph\u00e9e<\/figcaption><\/figure>\n\n\n\n<figure class=\"wp-block-image size-full\"><a href=\"https:\/\/www.bernadettemauro.fr\/sculptrice\/wp-content\/uploads\/2024\/08\/coquillage-Galatea-\u00a9-Bernadette-Mauro.jpg\" target=\"_blank\" rel=\"noopener\"><img loading=\"lazy\" decoding=\"async\" width=\"1707\" height=\"2560\" data-id=\"5877\" src=\"https:\/\/www.bernadettemauro.fr\/sculptrice\/wp-content\/uploads\/2024\/08\/coquillage-Galatea-\u00a9-Bernadette-Mauro.jpg\" alt=\"coquillage Galatea \u00a9 Bernadette Mauro\" class=\"wp-image-5877\" srcset=\"https:\/\/www.bernadettemauro.fr\/sculptrice\/wp-content\/uploads\/2024\/08\/coquillage-Galatea-\u00a9-Bernadette-Mauro.jpg 1707w, https:\/\/www.bernadettemauro.fr\/sculptrice\/wp-content\/uploads\/2024\/08\/coquillage-Galatea-\u00a9-Bernadette-Mauro-200x300.jpg 200w, https:\/\/www.bernadettemauro.fr\/sculptrice\/wp-content\/uploads\/2024\/08\/coquillage-Galatea-\u00a9-Bernadette-Mauro-683x1024.jpg 683w, https:\/\/www.bernadettemauro.fr\/sculptrice\/wp-content\/uploads\/2024\/08\/coquillage-Galatea-\u00a9-Bernadette-Mauro-768x1152.jpg 768w, https:\/\/www.bernadettemauro.fr\/sculptrice\/wp-content\/uploads\/2024\/08\/coquillage-Galatea-\u00a9-Bernadette-Mauro-1024x1536.jpg 1024w, https:\/\/www.bernadettemauro.fr\/sculptrice\/wp-content\/uploads\/2024\/08\/coquillage-Galatea-\u00a9-Bernadette-Mauro-1366x2048.jpg 1366w\" sizes=\"auto, (max-width: 1707px) 100vw, 1707px\" \/><\/a><figcaption class=\"wp-element-caption\">Galat\u00e9a<\/figcaption><\/figure>\n<\/figure>\n\n\n\n<p>Je leur choisis souvent des noms tir\u00e9s de la mythologie grecque pour ajouter une symbolique \u00e0 mon imaginaire. C\u2019est \u00e0 cette culture que nous devons les canons de la sculpture classique. Je travaille principalement la terre blanche en cr\u00e9ant des formes creuses \u00e0 la fois solides et l\u00e9g\u00e8res pour qu\u2019elles puissent supporter un \u00e9maillage au raku, ce qui leur apporte une dimension unique et al\u00e9atoire.<\/p>\n","protected":false},"excerpt":{"rendered":"<p>Le travail de la terre est \u00e0 la fois sensuel et technique car il faut sentir la mati\u00e8re pour la travailler et en conna\u00eetre les contraintes pour la ma\u00eetriser. L\u2019argile<\/p>\n<p class=\"more-link\"><a href=\"https:\/\/www.bernadettemauro.fr\/sculptrice\/ma-demarche-artistique\/\" class=\"readmore\">Lire la suite &#8230;<span class=\"screen-reader-text\">Ma d\u00e9marche artistique<\/span><\/a><\/p>\n","protected":false},"author":1,"featured_media":5761,"parent":0,"menu_order":0,"comment_status":"closed","ping_status":"closed","template":"templates\/right-sidebar.php","meta":{"footnotes":""},"class_list":["post-5784","page","type-page","status-publish","has-post-thumbnail","hentry"],"_links":{"self":[{"href":"https:\/\/www.bernadettemauro.fr\/sculptrice\/wp-json\/wp\/v2\/pages\/5784","targetHints":{"allow":["GET"]}}],"collection":[{"href":"https:\/\/www.bernadettemauro.fr\/sculptrice\/wp-json\/wp\/v2\/pages"}],"about":[{"href":"https:\/\/www.bernadettemauro.fr\/sculptrice\/wp-json\/wp\/v2\/types\/page"}],"author":[{"embeddable":true,"href":"https:\/\/www.bernadettemauro.fr\/sculptrice\/wp-json\/wp\/v2\/users\/1"}],"replies":[{"embeddable":true,"href":"https:\/\/www.bernadettemauro.fr\/sculptrice\/wp-json\/wp\/v2\/comments?post=5784"}],"version-history":[{"count":5,"href":"https:\/\/www.bernadettemauro.fr\/sculptrice\/wp-json\/wp\/v2\/pages\/5784\/revisions"}],"predecessor-version":[{"id":6021,"href":"https:\/\/www.bernadettemauro.fr\/sculptrice\/wp-json\/wp\/v2\/pages\/5784\/revisions\/6021"}],"wp:featuredmedia":[{"embeddable":true,"href":"https:\/\/www.bernadettemauro.fr\/sculptrice\/wp-json\/wp\/v2\/media\/5761"}],"wp:attachment":[{"href":"https:\/\/www.bernadettemauro.fr\/sculptrice\/wp-json\/wp\/v2\/media?parent=5784"}],"curies":[{"name":"wp","href":"https:\/\/api.w.org\/{rel}","templated":true}]}}