{"id":5704,"date":"2024-08-05T11:20:49","date_gmt":"2024-08-05T09:20:49","guid":{"rendered":"http:\/\/catchthemes.com\/demo\/bold-photography-free\/?page_id=5704"},"modified":"2024-08-07T14:46:38","modified_gmt":"2024-08-07T12:46:38","slug":"ma-source-dinspiration","status":"publish","type":"page","link":"https:\/\/www.bernadettemauro.fr\/sculptrice\/ma-source-dinspiration\/","title":{"rendered":"Ma source d\u2019inspiration"},"content":{"rendered":"\n<figure class=\"wp-block-image size-full\"><img loading=\"lazy\" decoding=\"async\" width=\"1920\" height=\"1080\" src=\"https:\/\/www.bernadettemauro.fr\/sculptrice\/wp-content\/uploads\/2024\/08\/slider-image2.jpg\" alt=\"slider image 2\" class=\"wp-image-5766\" srcset=\"https:\/\/www.bernadettemauro.fr\/sculptrice\/wp-content\/uploads\/2024\/08\/slider-image2.jpg 1920w, https:\/\/www.bernadettemauro.fr\/sculptrice\/wp-content\/uploads\/2024\/08\/slider-image2-300x169.jpg 300w, https:\/\/www.bernadettemauro.fr\/sculptrice\/wp-content\/uploads\/2024\/08\/slider-image2-1024x576.jpg 1024w, https:\/\/www.bernadettemauro.fr\/sculptrice\/wp-content\/uploads\/2024\/08\/slider-image2-768x432.jpg 768w, https:\/\/www.bernadettemauro.fr\/sculptrice\/wp-content\/uploads\/2024\/08\/slider-image2-1536x864.jpg 1536w\" sizes=\"auto, (max-width: 1920px) 100vw, 1920px\" \/><\/figure>\n\n\n\n<p><em>La beaut\u00e9 du vivant est ma source d\u2019inspiration\u00a0: humains, animaux, v\u00e9g\u00e9taux, tout est li\u00e9. Chacune de mes cr\u00e9ations est unique, j&rsquo;y recherche l&rsquo;esth\u00e9tique et l&rsquo;harmonie<\/em> &#8230;<\/p>\n","protected":false},"excerpt":{"rendered":"<p>La beaut\u00e9 du vivant est ma source d\u2019inspiration\u00a0: humains, animaux, v\u00e9g\u00e9taux, tout est li\u00e9. Chacune de mes cr\u00e9ations est unique, j&rsquo;y recherche l&rsquo;esth\u00e9tique et l&rsquo;harmonie &#8230;<\/p>\n","protected":false},"author":1,"featured_media":5766,"parent":0,"menu_order":0,"comment_status":"closed","ping_status":"closed","template":"templates\/right-sidebar.php","meta":{"footnotes":""},"class_list":["post-5704","page","type-page","status-publish","has-post-thumbnail","hentry"],"_links":{"self":[{"href":"https:\/\/www.bernadettemauro.fr\/sculptrice\/wp-json\/wp\/v2\/pages\/5704","targetHints":{"allow":["GET"]}}],"collection":[{"href":"https:\/\/www.bernadettemauro.fr\/sculptrice\/wp-json\/wp\/v2\/pages"}],"about":[{"href":"https:\/\/www.bernadettemauro.fr\/sculptrice\/wp-json\/wp\/v2\/types\/page"}],"author":[{"embeddable":true,"href":"https:\/\/www.bernadettemauro.fr\/sculptrice\/wp-json\/wp\/v2\/users\/1"}],"replies":[{"embeddable":true,"href":"https:\/\/www.bernadettemauro.fr\/sculptrice\/wp-json\/wp\/v2\/comments?post=5704"}],"version-history":[{"count":4,"href":"https:\/\/www.bernadettemauro.fr\/sculptrice\/wp-json\/wp\/v2\/pages\/5704\/revisions"}],"predecessor-version":[{"id":5966,"href":"https:\/\/www.bernadettemauro.fr\/sculptrice\/wp-json\/wp\/v2\/pages\/5704\/revisions\/5966"}],"wp:featuredmedia":[{"embeddable":true,"href":"https:\/\/www.bernadettemauro.fr\/sculptrice\/wp-json\/wp\/v2\/media\/5766"}],"wp:attachment":[{"href":"https:\/\/www.bernadettemauro.fr\/sculptrice\/wp-json\/wp\/v2\/media?parent=5704"}],"curies":[{"name":"wp","href":"https:\/\/api.w.org\/{rel}","templated":true}]}}