{"id":3,"date":"2024-04-26T16:23:40","date_gmt":"2024-04-26T14:23:40","guid":{"rendered":"http:\/\/www.bernadettemauro.fr\/sculptrice\/?page_id=3"},"modified":"2024-08-07T19:07:53","modified_gmt":"2024-08-07T17:07:53","slug":"mentions-legales","status":"publish","type":"page","link":"https:\/\/www.bernadettemauro.fr\/sculptrice\/mentions-legales\/","title":{"rendered":"Mentions l\u00e9gales"},"content":{"rendered":"\n<p>Le pr\u00e9sent site Internet est la propri\u00e9t\u00e9 exclusive de<br><a href=\"https:\/\/www.bernadettemauro.fr\/\"><u>Bernadette MAURO<\/u><\/a>\u00a0&#8211; sculpteur &#8211; SIRET 499 014 272 00011<br>\u202d06 75 15 94 22\u202c &#8211; <a href=\"mailto:bernadettemauro@gmail.com\"><u>E-mail<\/u><\/a><br><br><strong>Donn\u00e9es personnelles et cookies<br><\/strong>Les informations recueillies \u00e0 partir du\u00a0<a href=\"https:\/\/www.bernadettemauro.fr\/sculptrice\/contact\/\" target=\"_blank\" rel=\"noreferrer noopener\"><u>formulaire de contact<\/u><\/a> font l\u2019objet d\u2019un traitement informatique destin\u00e9 uniquement \u00e0 r\u00e9pondre \u00e0 vos demandes d\u2019informations. Ces donn\u00e9es ne sont en aucun cas transmises \u00e0 des tiers et, conform\u00e9ment \u00e0 la loi n\u00b078-17 du 6 janvier 1978 (modifi\u00e9e) relative \u00e0 l\u2019informatique, aux fichiers et aux libert\u00e9s, elles peuvent \u00eatre effac\u00e9es sur simple demande par \u00e9crit aux coordonn\u00e9es ci-dessus.<br>Les articles de ce site peuvent inclure des contenus int\u00e9gr\u00e9s (vid\u00e9os, images, articles\u2026). Le contenu int\u00e9gr\u00e9 depuis d\u2019autres sites se comporte de la m\u00eame mani\u00e8re que si le visiteur se rendait sur cet autre site. Ces sites web pourraient collecter des donn\u00e9es sur vous, utiliser des cookies, embarquer des outils de suivis tiers, suivre vos interactions avec ces contenus embarqu\u00e9s si vous disposez d\u2019un compte connect\u00e9 sur leur site web.<\/p>\n\n\n\n<p><strong>Propri\u00e9t\u00e9 intellectuelle<\/strong><br>Tous les \u00e9l\u00e9ments de ce site internet (textes et photos) sont la propri\u00e9t\u00e9 exclusive de <a href=\"https:\/\/www.bernadettemauro.fr\/\"><u>Bernadette MAURO<\/u><\/a>.<\/p>\n\n\n\n<p><strong>Conception graphique<\/strong> : <a href=\"http:\/\/www.cld.fr\/\" target=\"_blank\" rel=\"noreferrer noopener\"><u>CLD<\/u><\/a><br><br><strong>Textes et Photographies<\/strong> : Tous droits r\u00e9serv\u00e9s <a href=\"https:\/\/www.bernadettemauro.fr\/\">\u00a9 <u>Bernadette MAURO<\/u><\/a><\/p>\n","protected":false},"excerpt":{"rendered":"<p>Le pr\u00e9sent site Internet est la propri\u00e9t\u00e9 exclusive deBernadette MAURO\u00a0&#8211; sculpteur &#8211; SIRET 499 014 272 00011\u202d06 75 15 94 22\u202c &#8211; E-mail Donn\u00e9es personnelles et cookiesLes informations recueillies \u00e0<\/p>\n<p class=\"more-link\"><a href=\"https:\/\/www.bernadettemauro.fr\/sculptrice\/mentions-legales\/\" class=\"readmore\">Lire la suite &#8230;<span class=\"screen-reader-text\">Mentions l\u00e9gales<\/span><\/a><\/p>\n","protected":false},"author":1,"featured_media":0,"parent":0,"menu_order":0,"comment_status":"closed","ping_status":"open","template":"templates\/no-sidebar.php","meta":{"footnotes":""},"class_list":["post-3","page","type-page","status-publish","hentry"],"_links":{"self":[{"href":"https:\/\/www.bernadettemauro.fr\/sculptrice\/wp-json\/wp\/v2\/pages\/3","targetHints":{"allow":["GET"]}}],"collection":[{"href":"https:\/\/www.bernadettemauro.fr\/sculptrice\/wp-json\/wp\/v2\/pages"}],"about":[{"href":"https:\/\/www.bernadettemauro.fr\/sculptrice\/wp-json\/wp\/v2\/types\/page"}],"author":[{"embeddable":true,"href":"https:\/\/www.bernadettemauro.fr\/sculptrice\/wp-json\/wp\/v2\/users\/1"}],"replies":[{"embeddable":true,"href":"https:\/\/www.bernadettemauro.fr\/sculptrice\/wp-json\/wp\/v2\/comments?post=3"}],"version-history":[{"count":5,"href":"https:\/\/www.bernadettemauro.fr\/sculptrice\/wp-json\/wp\/v2\/pages\/3\/revisions"}],"predecessor-version":[{"id":6050,"href":"https:\/\/www.bernadettemauro.fr\/sculptrice\/wp-json\/wp\/v2\/pages\/3\/revisions\/6050"}],"wp:attachment":[{"href":"https:\/\/www.bernadettemauro.fr\/sculptrice\/wp-json\/wp\/v2\/media?parent=3"}],"curies":[{"name":"wp","href":"https:\/\/api.w.org\/{rel}","templated":true}]}}